{"id":3,"date":"2022-03-07T08:54:03","date_gmt":"2022-03-07T08:54:03","guid":{"rendered":"https:\/\/starterteknoloji.com\/?page_id=3"},"modified":"2022-06-16T16:29:13","modified_gmt":"2022-06-16T16:29:13","slug":"hakkimizda","status":"publish","type":"page","link":"https:\/\/starterteknoloji.com\/index.php\/hakkimizda\/","title":{"rendered":"Hakk\u0131m\u0131zda"},"content":{"rendered":"\n<p>Yeni d\u00fcnya ve ekonomiye uygun projeler \u00fcretecek bir eko sistemi , T\u00fcrkiye\u2019nin gen\u00e7 ve yetenekli i\u015fg\u00fcc\u00fcn\u00fc \u00fclkede tutarak, hayata ge\u00e7irmeye \u00e7al\u0131\u015ft\u0131k.<\/p>\n\n\n\n<p>Bu ama\u00e7la d\u00fcnyadaki yenilikleri takip eden \u015firketler ile g\u00f6r\u00fc\u015fmeye ba\u015flad\u0131k. T\u00fcrkiye\u2019de i\u015fbirli\u011fi ve ortakl\u0131k yapaca\u011f\u0131m\u0131z \u015firketler bulduk.<br>Bunlardan ilki yeni nesil haber ajans\u0131 olan, Metaverse \u00fczerinde habercilik yapan ve blockchain eko sistemine yak\u0131n durarak, ekonomi habercili\u011fi yapan Para ajans\u0131 oldu. Para ajans\u0131n\u0131n y\u00fczde y\u00fcz hissesini sat\u0131n ald\u0131k.<\/p>\n\n\n\n<p>Web 3.0 , Metaverse, Sosyal Medya ve Dijital Pazarlama , Yapay Zeka , Derin (Makine) \u00d6\u011frenme , IOT ve IOTA Tangle alanlar \u00f6ncelikli olmak \u00fczere a\u011f toplumunun ihtiya\u00e7lar\u0131na uygun \u00e7\u00f6z\u00fcmleri d\u00fcnya ile ayn\u0131 \u00fcretmek istiyoruz.<\/p>\n\n\n\n<p>Nfttelif bu ama\u00e7l\u0131 projelerimizden bir ba\u015fkas\u0131\u2026<\/p>\n\n\n\n<h2>Vizyonumuz<\/h2>\n\n\n\n<p>\u00dcretti\u011fimiz teknolojiler ve sundu\u011fumuz hizmetler ile Starter Teknoloji\u2019yi, T\u00fcrkiye\u2019de Web3.0 \/ Metaverse \/ Blockchain denildi\u011finde akla gelen ilk \u00fc\u00e7 markadan biri yapmay\u0131 hedefliyoruz.<\/p>\n\n\n\n<h2>Misyonumuz<\/h2>\n\n\n\n<p>Starter Teknoloji bu vizyonu kapsam\u0131nda;<\/p>\n\n\n\n<ul><li>Alan\u0131nda en iyi yaz\u0131l\u0131m ve donan\u0131m \u00fcreticileri ile i\u015fbirli\u011fi yapar,<\/li><li>Her \u00f6l\u00e7ekte kullan\u0131c\u0131ya hizmet vermek i\u00e7in t\u00fcm enstr\u00fcmanlar\u0131 b\u00fcnyesinde bar\u0131nd\u0131r\u0131r,<\/li><li>B\u00fcnyesindeki her arac\u0131 son teknoloji otomasyon sistemi \u00fczerinden self-servis olarak sunar.<\/li><li>B\u00fcnyesinde alan\u0131nda e\u011fitim g\u00f6rm\u00fc\u015f personeli bar\u0131nd\u0131r\u0131r,<\/li><li>E\u011fitime ve geli\u015fime \u00f6nem verir,<\/li><li>Uluslararas\u0131 teknolojik yenilikleri sistemine ilk entegre eden firma olmak i\u00e7in yar\u0131\u015f\u0131r,<\/li><li>Bilgi \u00fcretir ve payla\u015f\u0131r,<\/li><li>M\u00fc\u015fterilerine en iyi teknik deste\u011fi, olabilen en u\u00e7 noktada sa\u011flar<\/li><\/ul>\n","protected":false},"excerpt":{"rendered":"<p>Yeni d\u00fcnya ve ekonomiye uygun projeler \u00fcretecek bir eko sistemi , T\u00fcrkiye\u2019nin gen\u00e7 ve yetenekli i\u015fg\u00fcc\u00fcn\u00fc \u00fclkede tutarak, hayata ge\u00e7irmeye \u00e7al\u0131\u015ft\u0131k. Bu ama\u00e7la d\u00fcnyadaki yenilikleri takip eden \u015firketler ile g\u00f6r\u00fc\u015fmeye ba\u015flad\u0131k. T\u00fcrkiye\u2019de i\u015fbirli\u011fi ve ortakl\u0131k yapaca\u011f\u0131m\u0131z \u015firketler bulduk.Bunlardan ilki yeni nesil haber ajans\u0131 olan, Metaverse \u00fczerinde habercilik yapan ve blockchain eko sistemine yak\u0131n durarak, ekonomi habercili\u011fi yapan Para ajans\u0131 oldu&#8230;.<\/p>\n<div class=\"item-news__footer\"><a href=\"https:\/\/starterteknoloji.com\/index.php\/hakkimizda\/\" class=\"btn\">Read More<\/a><\/div>\n","protected":false},"author":1,"featured_media":0,"parent":0,"menu_order":0,"comment_status":"closed","ping_status":"open","template":"","meta":{"_mi_skip_tracking":false},"acf":[],"_links":{"self":[{"href":"https:\/\/starterteknoloji.com\/index.php\/wp-json\/wp\/v2\/pages\/3"}],"collection":[{"href":"https:\/\/starterteknoloji.com\/index.php\/wp-json\/wp\/v2\/pages"}],"about":[{"href":"https:\/\/starterteknoloji.com\/index.php\/wp-json\/wp\/v2\/types\/page"}],"author":[{"embeddable":true,"href":"https:\/\/starterteknoloji.com\/index.php\/wp-json\/wp\/v2\/users\/1"}],"replies":[{"embeddable":true,"href":"https:\/\/starterteknoloji.com\/index.php\/wp-json\/wp\/v2\/comments?post=3"}],"version-history":[{"count":4,"href":"https:\/\/starterteknoloji.com\/index.php\/wp-json\/wp\/v2\/pages\/3\/revisions"}],"predecessor-version":[{"id":657,"href":"https:\/\/starterteknoloji.com\/index.php\/wp-json\/wp\/v2\/pages\/3\/revisions\/657"}],"wp:attachment":[{"href":"https:\/\/starterteknoloji.com\/index.php\/wp-json\/wp\/v2\/media?parent=3"}],"curies":[{"name":"wp","href":"https:\/\/api.w.org\/{rel}","templated":true}]}}